{"id":40,"date":"2021-12-08T11:39:15","date_gmt":"2021-12-08T11:39:15","guid":{"rendered":"https:\/\/kadence.pixel-show.com\/outdoor-shop\/?page_id=15"},"modified":"2025-10-03T11:27:03","modified_gmt":"2025-10-03T09:27:03","slug":"reparation","status":"publish","type":"page","link":"https:\/\/chauffandclim.com\/index.php\/reparation\/","title":{"rendered":"R\u00e9paration"},"content":{"rendered":"<style>.kb-row-layout-id40_f6ae3b-bd > .kt-row-column-wrap{align-content:center;}:where(.kb-row-layout-id40_f6ae3b-bd > .kt-row-column-wrap) > .wp-block-kadence-column{justify-content:center;}.kb-row-layout-id40_f6ae3b-bd > .kt-row-column-wrap{column-gap:var(--global-kb-gap-none, 0rem );row-gap:var(--global-kb-gap-none, 0rem );max-width:1140px;margin-left:auto;margin-right:auto;padding-top:100px;padding-right:0px;padding-bottom:100px;padding-left:0px;}.kb-row-layout-id40_f6ae3b-bd > .kt-row-column-wrap > *:nth-child(3n of *:not(style)){grid-column:1 \/ -1;}.kb-row-layout-id40_f6ae3b-bd > .kt-row-column-wrap{grid-template-columns:repeat(2, minmax(0, 1fr));}.kb-row-layout-id40_f6ae3b-bd > .kt-row-layout-overlay{opacity:0.04;}@media all and (max-width: 1024px){.kb-row-layout-id40_f6ae3b-bd > .kt-row-column-wrap{max-width:700px;margin-left:auto;margin-right:auto;padding-top:80px;padding-right:0px;padding-bottom:50px;padding-left:0px;grid-template-columns:repeat(2, minmax(0, 1fr));}}@media all and (max-width: 1024px){.kb-row-layout-id40_f6ae3b-bd > .kt-row-column-wrap > *:nth-child(3n+1 of *:not(style)){grid-column:1 \/ -1;}}@media all and (max-width: 767px){.kb-row-layout-id40_f6ae3b-bd > .kt-row-column-wrap{padding-top:60px;padding-right:15px;padding-bottom:60px;padding-left:15px;grid-template-columns:minmax(0, 1fr);}.kb-row-layout-id40_f6ae3b-bd > .kt-row-column-wrap > div:not(.added-for-specificity){grid-column:initial;}}.kb-row-layout-id40_f6ae3b-bd .change {position: absolute;width: 457px;left: -168px;top: -49px;}@media screen and (max-width: 1024px) {  .kb-row-layout-id40_f6ae3b-bd .change {left: -50px;top: -49px;}}{}<\/style><div class=\"kb-row-layout-wrap kb-row-layout-id40_f6ae3b-bd alignfull has-theme-palette8-background-color kt-row-has-bg wp-block-kadence-rowlayout\"><div class=\"kt-row-column-wrap kt-has-3-columns kt-row-layout-last-row kt-tab-layout-first-row kt-mobile-layout-row kt-row-valign-middle\">\n<style>.kadence-column40_c72539-15 > .kt-inside-inner-col{padding-top:10px;padding-right:10px;padding-bottom:10px;padding-left:10px;}.kadence-column40_c72539-15 > .kt-inside-inner-col,.kadence-column40_c72539-15 > .kt-inside-inner-col:before{border-top-left-radius:0px;border-top-right-radius:0px;border-bottom-right-radius:0px;border-bottom-left-radius:0px;}.kadence-column40_c72539-15 > .kt-inside-inner-col{column-gap:var(--global-kb-gap-sm, 1rem);}.kadence-column40_c72539-15 > .kt-inside-inner-col{flex-direction:column;}.kadence-column40_c72539-15 > .kt-inside-inner-col > .aligncenter{width:100%;}.kadence-column40_c72539-15 > .kt-inside-inner-col:before{opacity:0.3;}.kadence-column40_c72539-15{position:relative;}.kadence-column40_c72539-15, .kt-inside-inner-col > .kadence-column40_c72539-15:not(.specificity){margin-top:0px;margin-right:0px;margin-bottom:0px;margin-left:0px;}@media all and (max-width: 1024px){.kadence-column40_c72539-15{text-align:left;}}@media all and (max-width: 1024px){.kadence-column40_c72539-15 > .kt-inside-inner-col{flex-direction:column;justify-content:center;}}@media all and (max-width: 1024px){.kadence-column40_c72539-15, .kt-inside-inner-col > .kadence-column40_c72539-15:not(.specificity){margin-top:0px;margin-right:0px;margin-bottom:0px;margin-left:0px;}}@media all and (max-width: 767px){.kadence-column40_c72539-15 > .kt-inside-inner-col{flex-direction:column;justify-content:center;}.kadence-column40_c72539-15, .kt-inside-inner-col > .kadence-column40_c72539-15:not(.specificity){margin-top:0px;margin-right:0px;margin-bottom:40px;margin-left:0px;}}<\/style>\n<div class=\"wp-block-kadence-column kadence-column40_c72539-15 inner-column-1\"><div class=\"kt-inside-inner-col\"><style>.wp-block-kadence-advancedheading.kt-adv-heading40_508ed6-7c, .wp-block-kadence-advancedheading.kt-adv-heading40_508ed6-7c[data-kb-block=\"kb-adv-heading40_508ed6-7c\"]{margin-bottom:var(--global-kb-spacing-sm, 1.5rem);line-height:1em;font-weight:400;font-style:normal;text-transform:uppercase;letter-spacing:1px;}.wp-block-kadence-advancedheading.kt-adv-heading40_508ed6-7c mark.kt-highlight, .wp-block-kadence-advancedheading.kt-adv-heading40_508ed6-7c[data-kb-block=\"kb-adv-heading40_508ed6-7c\"] mark.kt-highlight{font-style:normal;color:#f76a0c;-webkit-box-decoration-break:clone;box-decoration-break:clone;padding-top:0px;padding-right:0px;padding-bottom:0px;padding-left:0px;}.wp-block-kadence-advancedheading.kt-adv-heading40_508ed6-7c img.kb-inline-image, .wp-block-kadence-advancedheading.kt-adv-heading40_508ed6-7c[data-kb-block=\"kb-adv-heading40_508ed6-7c\"] img.kb-inline-image{width:150px;vertical-align:baseline;}<\/style>\n<h6 class=\"kt-adv-heading40_508ed6-7c wp-block-kadence-advancedheading has-theme-palette-1-color has-text-color\" data-kb-block=\"kb-adv-heading40_508ed6-7c\">Une panne ? Nous intervenons rapidement pour remettre votre chauffage en marche et garantir votre confort.<\/h6>\n\n\n<style>.wp-block-kadence-advancedheading.kt-adv-heading40_c95f82-5b, .wp-block-kadence-advancedheading.kt-adv-heading40_c95f82-5b[data-kb-block=\"kb-adv-heading40_c95f82-5b\"]{margin-top:-5px;margin-right:0px;margin-bottom:28.5px;margin-left:0px;line-height:1em;font-style:normal;}.wp-block-kadence-advancedheading.kt-adv-heading40_c95f82-5b mark.kt-highlight, .wp-block-kadence-advancedheading.kt-adv-heading40_c95f82-5b[data-kb-block=\"kb-adv-heading40_c95f82-5b\"] mark.kt-highlight{font-style:normal;color:#f76a0c;-webkit-box-decoration-break:clone;box-decoration-break:clone;padding-top:0px;padding-right:0px;padding-bottom:0px;padding-left:0px;}.wp-block-kadence-advancedheading.kt-adv-heading40_c95f82-5b img.kb-inline-image, .wp-block-kadence-advancedheading.kt-adv-heading40_c95f82-5b[data-kb-block=\"kb-adv-heading40_c95f82-5b\"] img.kb-inline-image{width:150px;vertical-align:baseline;}<\/style>\n<h2 class=\"kt-adv-heading40_c95f82-5b wp-block-kadence-advancedheading\" data-kb-block=\"kb-adv-heading40_c95f82-5b\"><strong>R\u00c9PARATION RAPIDE ET FIABLE<\/strong> .<\/h2>\n\n\n<style>.wp-block-kadence-advancedheading.kt-adv-heading40_8666a9-ee, .wp-block-kadence-advancedheading.kt-adv-heading40_8666a9-ee[data-kb-block=\"kb-adv-heading40_8666a9-ee\"]{margin-top:0px;margin-right:0px;margin-bottom:30px;margin-left:0px;font-style:normal;}.wp-block-kadence-advancedheading.kt-adv-heading40_8666a9-ee mark.kt-highlight, .wp-block-kadence-advancedheading.kt-adv-heading40_8666a9-ee[data-kb-block=\"kb-adv-heading40_8666a9-ee\"] mark.kt-highlight{font-style:normal;color:#f76a0c;-webkit-box-decoration-break:clone;box-decoration-break:clone;padding-top:0px;padding-right:0px;padding-bottom:0px;padding-left:0px;}.wp-block-kadence-advancedheading.kt-adv-heading40_8666a9-ee img.kb-inline-image, .wp-block-kadence-advancedheading.kt-adv-heading40_8666a9-ee[data-kb-block=\"kb-adv-heading40_8666a9-ee\"] img.kb-inline-image{width:150px;vertical-align:baseline;}<\/style>\n<p class=\"kt-adv-heading40_8666a9-ee wp-block-kadence-advancedheading\" data-kb-block=\"kb-adv-heading40_8666a9-ee\">En cas de panne de chaudi\u00e8re, pompe \u00e0 chaleur ou ballon thermodynamique, notre \u00e9quipe intervient rapidement pour r\u00e9tablir votre confort.<br>Nous assurons :<\/p>\n\n\n\n<ul class=\"wp-block-list\">\n<li>Un <strong>diagnostic pr\u00e9cis<\/strong> pour identifier l\u2019origine du probl\u00e8me<\/li>\n\n\n\n<li>Des <strong>solutions efficaces<\/strong> pour remettre votre installation en marche<\/li>\n\n\n\n<li>L\u2019utilisation de <strong>pi\u00e8ces certifi\u00e9es<\/strong> pour plus de s\u00e9curit\u00e9<\/li>\n\n\n\n<li>Une intervention <strong>dans les meilleurs d\u00e9lais<\/strong><br><\/li>\n<\/ul>\n\n\n<style>.wp-block-kadence-advancedbtn.kb-btns40_09ec34-11{gap:var(--global-kb-gap-xs, 0.5rem );justify-content:flex-start;align-items:center;}.kt-btns40_09ec34-11 .kt-button{font-weight:normal;font-style:normal;}.kt-btns40_09ec34-11 .kt-btn-wrap-0{margin-right:5px;}.wp-block-kadence-advancedbtn.kt-btns40_09ec34-11 .kt-btn-wrap-0 .kt-button{color:#555555;border-color:#555555;}.wp-block-kadence-advancedbtn.kt-btns40_09ec34-11 .kt-btn-wrap-0 .kt-button:hover, .wp-block-kadence-advancedbtn.kt-btns40_09ec34-11 .kt-btn-wrap-0 .kt-button:focus{color:#ffffff;border-color:#444444;}.wp-block-kadence-advancedbtn.kt-btns40_09ec34-11 .kt-btn-wrap-0 .kt-button::before{display:none;}.wp-block-kadence-advancedbtn.kt-btns40_09ec34-11 .kt-btn-wrap-0 .kt-button:hover, .wp-block-kadence-advancedbtn.kt-btns40_09ec34-11 .kt-btn-wrap-0 .kt-button:focus{background:#444444;}<\/style>\n<div class=\"wp-block-kadence-advancedbtn kb-buttons-wrap kb-btns40_09ec34-11\"><style>ul.menu .wp-block-kadence-advancedbtn .kb-btn40_7aad65-5b.kb-button{width:initial;}<\/style><a class=\"kb-button kt-button button kb-btn40_7aad65-5b kt-btn-size-large kt-btn-width-type-auto kb-btn-global-fill  kt-btn-has-text-true kt-btn-has-svg-false  wp-block-kadence-singlebtn\" href=\"https:\/\/chauffandclim.com\/index.php\/contacter-chauff-and-clim\/\"><span class=\"kt-btn-inner-text\">Demander une r\u00e9paration imm\u00e9diate<\/span><\/a><\/div>\n<\/div><\/div>\n\n\n<style>.kadence-column40_cb6db6-27 > .kt-inside-inner-col{display:flex;}.kadence-column40_cb6db6-27 > .kt-inside-inner-col{padding-top:10px;padding-right:10px;padding-bottom:10px;padding-left:10px;}.kadence-column40_cb6db6-27 > .kt-inside-inner-col,.kadence-column40_cb6db6-27 > .kt-inside-inner-col:before{border-top-left-radius:0px;border-top-right-radius:0px;border-bottom-right-radius:0px;border-bottom-left-radius:0px;}.kadence-column40_cb6db6-27 > .kt-inside-inner-col{column-gap:var(--global-kb-gap-sm, 1rem);}.kadence-column40_cb6db6-27 > .kt-inside-inner-col{flex-direction:column;justify-content:center;}.kadence-column40_cb6db6-27 > .kt-inside-inner-col > .aligncenter{width:100%;}.kt-row-column-wrap > .kadence-column40_cb6db6-27{align-self:center;}.kt-inner-column-height-full:not(.kt-has-1-columns) > .wp-block-kadence-column.kadence-column40_cb6db6-27{align-self:auto;}.kt-inner-column-height-full:not(.kt-has-1-columns) > .wp-block-kadence-column.kadence-column40_cb6db6-27 > .kt-inside-inner-col{flex-direction:column;justify-content:center;}.kadence-column40_cb6db6-27 > .kt-inside-inner-col:before{opacity:0.3;}.kadence-column40_cb6db6-27{text-align:right;}.kadence-column40_cb6db6-27{position:relative;}@media all and (max-width: 1024px){.kt-row-column-wrap > .kadence-column40_cb6db6-27{align-self:center;}}@media all and (max-width: 1024px){.kt-inner-column-height-full:not(.kt-has-1-columns) > .wp-block-kadence-column.kadence-column40_cb6db6-27{align-self:auto;}}@media all and (max-width: 1024px){.kt-inner-column-height-full:not(.kt-has-1-columns) > .wp-block-kadence-column.kadence-column40_cb6db6-27 > .kt-inside-inner-col{flex-direction:column;justify-content:center;}}@media all and (max-width: 1024px){.kadence-column40_cb6db6-27 > .kt-inside-inner-col{flex-direction:column;justify-content:center;}}@media all and (max-width: 1024px){.kadence-column40_cb6db6-27, .kt-inside-inner-col > .kadence-column40_cb6db6-27:not(.specificity){margin-top:50px;margin-right:0px;margin-bottom:0px;margin-left:0px;}}@media all and (max-width: 767px){.kadence-column40_cb6db6-27 > .kt-inside-inner-col{padding-top:0px;padding-right:0px;padding-bottom:0px;padding-left:0px;flex-direction:column;justify-content:center;}.kt-row-column-wrap > .kadence-column40_cb6db6-27{align-self:center;}.kt-inner-column-height-full:not(.kt-has-1-columns) > .wp-block-kadence-column.kadence-column40_cb6db6-27{align-self:auto;}.kt-inner-column-height-full:not(.kt-has-1-columns) > .wp-block-kadence-column.kadence-column40_cb6db6-27 > .kt-inside-inner-col{flex-direction:column;justify-content:center;}.kadence-column40_cb6db6-27, .kt-inside-inner-col > .kadence-column40_cb6db6-27:not(.specificity){margin-top:0px;margin-right:0px;margin-bottom:0px;margin-left:0px;}}<\/style>\n<div class=\"wp-block-kadence-column kadence-column40_cb6db6-27 kb-section-dir-vertical inner-column-2\"><div class=\"kt-inside-inner-col\"><style>.wp-block-kadence-image.kb-image40_c43b4b-60:not(.kb-specificity-added):not(.kb-extra-specificity-added){margin-right:-50px;margin-left:50px;}.wp-block-kadence-image.kb-image40_c43b4b-60{position:relative;z-index:1;}.kb-image40_c43b4b-60 .kb-image-has-overlay:after{opacity:0.3;border-top-left-radius:200px;border-top-right-radius:200px;border-bottom-right-radius:200px;border-bottom-left-radius:200px;}.kb-image40_c43b4b-60 img.kb-img, .kb-image40_c43b4b-60 .kb-img img{border-top-left-radius:200px;border-top-right-radius:200px;border-bottom-right-radius:200px;border-bottom-left-radius:200px;}@media all and (max-width: 767px){.wp-block-kadence-image.kb-image40_c43b4b-60:not(.kb-specificity-added):not(.kb-extra-specificity-added){margin-right:0px;margin-left:0px;}}<\/style>\n<figure class=\"wp-block-kadence-image kb-image40_c43b4b-60 size-full kb-image-is-ratio-size\"><div class=\"kb-is-ratio-image kb-image-ratio-square\"><img loading=\"lazy\" decoding=\"async\" width=\"1024\" height=\"1024\" src=\"https:\/\/chauffandclim.com\/wp-content\/uploads\/2025\/10\/8b4f026d-24f7-47cf-ae29-a3ce521eceb2.png\" alt=\"\" class=\"kb-img wp-image-1963\" srcset=\"https:\/\/chauffandclim.com\/wp-content\/uploads\/2025\/10\/8b4f026d-24f7-47cf-ae29-a3ce521eceb2.png 1024w, https:\/\/chauffandclim.com\/wp-content\/uploads\/2025\/10\/8b4f026d-24f7-47cf-ae29-a3ce521eceb2-300x300.png 300w, https:\/\/chauffandclim.com\/wp-content\/uploads\/2025\/10\/8b4f026d-24f7-47cf-ae29-a3ce521eceb2-150x150.png 150w, https:\/\/chauffandclim.com\/wp-content\/uploads\/2025\/10\/8b4f026d-24f7-47cf-ae29-a3ce521eceb2-768x768.png 768w\" sizes=\"auto, (max-width: 1024px) 100vw, 1024px\" \/><\/div><\/figure>\n<\/div><\/div>\n\n\n<style>.kadence-column40_3c7026-f4 > .kt-inside-inner-col,.kadence-column40_3c7026-f4 > .kt-inside-inner-col:before{border-top-left-radius:0px;border-top-right-radius:0px;border-bottom-right-radius:0px;border-bottom-left-radius:0px;}.kadence-column40_3c7026-f4 > .kt-inside-inner-col{column-gap:var(--global-kb-gap-sm, 1rem);}.kadence-column40_3c7026-f4 > .kt-inside-inner-col{flex-direction:column;}.kadence-column40_3c7026-f4 > .kt-inside-inner-col > .aligncenter{width:100%;}.kadence-column40_3c7026-f4 > .kt-inside-inner-col:before{opacity:0.3;}.kadence-column40_3c7026-f4{position:relative;}@media all and (max-width: 1024px){.kadence-column40_3c7026-f4 > .kt-inside-inner-col{flex-direction:column;justify-content:center;}}@media all and (max-width: 767px){.kadence-column40_3c7026-f4 > .kt-inside-inner-col{flex-direction:column;justify-content:center;}}<\/style>\n<div class=\"wp-block-kadence-column kadence-column40_3c7026-f4\"><div class=\"kt-inside-inner-col\"><\/div><\/div>\n\n<\/div><\/div>\n\n\n<p><\/p>\n","protected":false},"excerpt":{"rendered":"<p>Une panne ? Nous intervenons rapidement pour remettre votre chauffage en marche et garantir votre confort. R\u00c9PARATION RAPIDE ET FIABLE . En cas de panne de chaudi\u00e8re, pompe \u00e0 chaleur ou ballon thermodynamique, notre \u00e9quipe intervient rapidement pour r\u00e9tablir votre confort.Nous assurons :<\/p>\n","protected":false},"author":1,"featured_media":1117,"parent":0,"menu_order":0,"comment_status":"closed","ping_status":"closed","template":"","meta":{"_sitemap_exclude":false,"_sitemap_priority":"","_sitemap_frequency":"","_monsterinsights_skip_tracking":false,"_monsterinsights_sitenote_active":false,"_monsterinsights_sitenote_note":"","_monsterinsights_sitenote_category":0,"_kadence_starter_templates_imported_post":true,"_kad_post_transparent":"","_kad_post_title":"hide","_kad_post_layout":"fullwidth","_kad_post_sidebar_id":"","_kad_post_content_style":"unboxed","_kad_post_vertical_padding":"hide","_kad_post_feature":"hide","_kad_post_feature_position":"","_kad_post_header":false,"_kad_post_footer":false,"footnotes":""},"class_list":["post-40","page","type-page","status-publish","has-post-thumbnail","hentry"],"yoast_head":"<!-- This site is optimized with the Yoast SEO plugin v27.4 - https:\/\/yoast.com\/product\/yoast-seo-wordpress\/ -->\n<title>R\u00e9paration - Chauff and Clim<\/title>\n<meta name=\"robots\" content=\"index, follow, max-snippet:-1, max-image-preview:large, max-video-preview:-1\" \/>\n<link rel=\"canonical\" href=\"https:\/\/chauffandclim.com\/index.php\/reparation\/\" \/>\n<meta property=\"og:locale\" content=\"fr_FR\" \/>\n<meta property=\"og:type\" content=\"article\" \/>\n<meta property=\"og:title\" content=\"R\u00e9paration - Chauff and Clim\" \/>\n<meta property=\"og:description\" content=\"Une panne ? Nous intervenons rapidement pour remettre votre chauffage en marche et garantir votre confort. R\u00c9PARATION RAPIDE ET FIABLE . En cas de panne de chaudi\u00e8re, pompe \u00e0 chaleur ou ballon thermodynamique, notre \u00e9quipe intervient rapidement pour r\u00e9tablir votre confort.Nous assurons :\" \/>\n<meta property=\"og:url\" content=\"https:\/\/chauffandclim.com\/index.php\/reparation\/\" \/>\n<meta property=\"og:site_name\" content=\"Chauff and Clim\" \/>\n<meta property=\"article:publisher\" content=\"https:\/\/www.facebook.com\/people\/Chauff-and-clim\/100060686199106\/\" \/>\n<meta property=\"article:modified_time\" content=\"2025-10-03T09:27:03+00:00\" \/>\n<meta property=\"og:image\" content=\"http:\/\/chauffandclim.com\/wp-content\/uploads\/2022\/01\/About-1-scaled-1.jpeg\" \/>\n\t<meta property=\"og:image:width\" content=\"956\" \/>\n\t<meta property=\"og:image:height\" content=\"2560\" \/>\n\t<meta property=\"og:image:type\" content=\"image\/jpeg\" \/>\n<meta name=\"twitter:card\" content=\"summary_large_image\" \/>\n<meta name=\"twitter:label1\" content=\"Dur\u00e9e de lecture estim\u00e9e\" \/>\n\t<meta name=\"twitter:data1\" content=\"1 minute\" \/>\n<script type=\"application\/ld+json\" class=\"yoast-schema-graph\">{\"@context\":\"https:\\\/\\\/schema.org\",\"@graph\":[{\"@type\":\"WebPage\",\"@id\":\"https:\\\/\\\/chauffandclim.com\\\/index.php\\\/reparation\\\/\",\"url\":\"https:\\\/\\\/chauffandclim.com\\\/index.php\\\/reparation\\\/\",\"name\":\"R\u00e9paration - Chauff and Clim\",\"isPartOf\":{\"@id\":\"https:\\\/\\\/chauffandclim.com\\\/#website\"},\"primaryImageOfPage\":{\"@id\":\"https:\\\/\\\/chauffandclim.com\\\/index.php\\\/reparation\\\/#primaryimage\"},\"image\":{\"@id\":\"https:\\\/\\\/chauffandclim.com\\\/index.php\\\/reparation\\\/#primaryimage\"},\"thumbnailUrl\":\"https:\\\/\\\/chauffandclim.com\\\/wp-content\\\/uploads\\\/2022\\\/01\\\/About-1-scaled-1.jpeg\",\"datePublished\":\"2021-12-08T11:39:15+00:00\",\"dateModified\":\"2025-10-03T09:27:03+00:00\",\"breadcrumb\":{\"@id\":\"https:\\\/\\\/chauffandclim.com\\\/index.php\\\/reparation\\\/#breadcrumb\"},\"inLanguage\":\"fr-FR\",\"potentialAction\":[{\"@type\":\"ReadAction\",\"target\":[\"https:\\\/\\\/chauffandclim.com\\\/index.php\\\/reparation\\\/\"]}]},{\"@type\":\"ImageObject\",\"inLanguage\":\"fr-FR\",\"@id\":\"https:\\\/\\\/chauffandclim.com\\\/index.php\\\/reparation\\\/#primaryimage\",\"url\":\"https:\\\/\\\/chauffandclim.com\\\/wp-content\\\/uploads\\\/2022\\\/01\\\/About-1-scaled-1.jpeg\",\"contentUrl\":\"https:\\\/\\\/chauffandclim.com\\\/wp-content\\\/uploads\\\/2022\\\/01\\\/About-1-scaled-1.jpeg\",\"width\":956,\"height\":2560},{\"@type\":\"BreadcrumbList\",\"@id\":\"https:\\\/\\\/chauffandclim.com\\\/index.php\\\/reparation\\\/#breadcrumb\",\"itemListElement\":[{\"@type\":\"ListItem\",\"position\":1,\"name\":\"Accueil\",\"item\":\"https:\\\/\\\/chauffandclim.com\\\/\"},{\"@type\":\"ListItem\",\"position\":2,\"name\":\"R\u00e9paration\"}]},{\"@type\":\"WebSite\",\"@id\":\"https:\\\/\\\/chauffandclim.com\\\/#website\",\"url\":\"https:\\\/\\\/chauffandclim.com\\\/\",\"name\":\"Chauff and Clim\",\"description\":\"blablabla slogan\",\"publisher\":{\"@id\":\"https:\\\/\\\/chauffandclim.com\\\/#organization\"},\"potentialAction\":[{\"@type\":\"SearchAction\",\"target\":{\"@type\":\"EntryPoint\",\"urlTemplate\":\"https:\\\/\\\/chauffandclim.com\\\/?s={search_term_string}\"},\"query-input\":{\"@type\":\"PropertyValueSpecification\",\"valueRequired\":true,\"valueName\":\"search_term_string\"}}],\"inLanguage\":\"fr-FR\"},{\"@type\":\"Organization\",\"@id\":\"https:\\\/\\\/chauffandclim.com\\\/#organization\",\"name\":\"Chauff and clim\",\"url\":\"https:\\\/\\\/chauffandclim.com\\\/\",\"logo\":{\"@type\":\"ImageObject\",\"inLanguage\":\"fr-FR\",\"@id\":\"https:\\\/\\\/chauffandclim.com\\\/#\\\/schema\\\/logo\\\/image\\\/\",\"url\":\"https:\\\/\\\/chauffandclim.com\\\/wp-content\\\/uploads\\\/2023\\\/03\\\/11-removebg-preview.png\",\"contentUrl\":\"https:\\\/\\\/chauffandclim.com\\\/wp-content\\\/uploads\\\/2023\\\/03\\\/11-removebg-preview.png\",\"width\":366,\"height\":594,\"caption\":\"Chauff and clim\"},\"image\":{\"@id\":\"https:\\\/\\\/chauffandclim.com\\\/#\\\/schema\\\/logo\\\/image\\\/\"},\"sameAs\":[\"https:\\\/\\\/www.facebook.com\\\/people\\\/Chauff-and-clim\\\/100060686199106\\\/\"]}]}<\/script>\n<!-- \/ Yoast SEO plugin. -->","yoast_head_json":{"title":"R\u00e9paration - Chauff and Clim","robots":{"index":"index","follow":"follow","max-snippet":"max-snippet:-1","max-image-preview":"max-image-preview:large","max-video-preview":"max-video-preview:-1"},"canonical":"https:\/\/chauffandclim.com\/index.php\/reparation\/","og_locale":"fr_FR","og_type":"article","og_title":"R\u00e9paration - Chauff and Clim","og_description":"Une panne ? Nous intervenons rapidement pour remettre votre chauffage en marche et garantir votre confort. R\u00c9PARATION RAPIDE ET FIABLE . En cas de panne de chaudi\u00e8re, pompe \u00e0 chaleur ou ballon thermodynamique, notre \u00e9quipe intervient rapidement pour r\u00e9tablir votre confort.Nous assurons :","og_url":"https:\/\/chauffandclim.com\/index.php\/reparation\/","og_site_name":"Chauff and Clim","article_publisher":"https:\/\/www.facebook.com\/people\/Chauff-and-clim\/100060686199106\/","article_modified_time":"2025-10-03T09:27:03+00:00","og_image":[{"width":956,"height":2560,"url":"http:\/\/chauffandclim.com\/wp-content\/uploads\/2022\/01\/About-1-scaled-1.jpeg","type":"image\/jpeg"}],"twitter_card":"summary_large_image","twitter_misc":{"Dur\u00e9e de lecture estim\u00e9e":"1 minute"},"schema":{"@context":"https:\/\/schema.org","@graph":[{"@type":"WebPage","@id":"https:\/\/chauffandclim.com\/index.php\/reparation\/","url":"https:\/\/chauffandclim.com\/index.php\/reparation\/","name":"R\u00e9paration - Chauff and Clim","isPartOf":{"@id":"https:\/\/chauffandclim.com\/#website"},"primaryImageOfPage":{"@id":"https:\/\/chauffandclim.com\/index.php\/reparation\/#primaryimage"},"image":{"@id":"https:\/\/chauffandclim.com\/index.php\/reparation\/#primaryimage"},"thumbnailUrl":"https:\/\/chauffandclim.com\/wp-content\/uploads\/2022\/01\/About-1-scaled-1.jpeg","datePublished":"2021-12-08T11:39:15+00:00","dateModified":"2025-10-03T09:27:03+00:00","breadcrumb":{"@id":"https:\/\/chauffandclim.com\/index.php\/reparation\/#breadcrumb"},"inLanguage":"fr-FR","potentialAction":[{"@type":"ReadAction","target":["https:\/\/chauffandclim.com\/index.php\/reparation\/"]}]},{"@type":"ImageObject","inLanguage":"fr-FR","@id":"https:\/\/chauffandclim.com\/index.php\/reparation\/#primaryimage","url":"https:\/\/chauffandclim.com\/wp-content\/uploads\/2022\/01\/About-1-scaled-1.jpeg","contentUrl":"https:\/\/chauffandclim.com\/wp-content\/uploads\/2022\/01\/About-1-scaled-1.jpeg","width":956,"height":2560},{"@type":"BreadcrumbList","@id":"https:\/\/chauffandclim.com\/index.php\/reparation\/#breadcrumb","itemListElement":[{"@type":"ListItem","position":1,"name":"Accueil","item":"https:\/\/chauffandclim.com\/"},{"@type":"ListItem","position":2,"name":"R\u00e9paration"}]},{"@type":"WebSite","@id":"https:\/\/chauffandclim.com\/#website","url":"https:\/\/chauffandclim.com\/","name":"Chauff and Clim","description":"blablabla slogan","publisher":{"@id":"https:\/\/chauffandclim.com\/#organization"},"potentialAction":[{"@type":"SearchAction","target":{"@type":"EntryPoint","urlTemplate":"https:\/\/chauffandclim.com\/?s={search_term_string}"},"query-input":{"@type":"PropertyValueSpecification","valueRequired":true,"valueName":"search_term_string"}}],"inLanguage":"fr-FR"},{"@type":"Organization","@id":"https:\/\/chauffandclim.com\/#organization","name":"Chauff and clim","url":"https:\/\/chauffandclim.com\/","logo":{"@type":"ImageObject","inLanguage":"fr-FR","@id":"https:\/\/chauffandclim.com\/#\/schema\/logo\/image\/","url":"https:\/\/chauffandclim.com\/wp-content\/uploads\/2023\/03\/11-removebg-preview.png","contentUrl":"https:\/\/chauffandclim.com\/wp-content\/uploads\/2023\/03\/11-removebg-preview.png","width":366,"height":594,"caption":"Chauff and clim"},"image":{"@id":"https:\/\/chauffandclim.com\/#\/schema\/logo\/image\/"},"sameAs":["https:\/\/www.facebook.com\/people\/Chauff-and-clim\/100060686199106\/"]}]}},"_links":{"self":[{"href":"https:\/\/chauffandclim.com\/index.php\/wp-json\/wp\/v2\/pages\/40","targetHints":{"allow":["GET"]}}],"collection":[{"href":"https:\/\/chauffandclim.com\/index.php\/wp-json\/wp\/v2\/pages"}],"about":[{"href":"https:\/\/chauffandclim.com\/index.php\/wp-json\/wp\/v2\/types\/page"}],"author":[{"embeddable":true,"href":"https:\/\/chauffandclim.com\/index.php\/wp-json\/wp\/v2\/users\/1"}],"replies":[{"embeddable":true,"href":"https:\/\/chauffandclim.com\/index.php\/wp-json\/wp\/v2\/comments?post=40"}],"version-history":[{"count":11,"href":"https:\/\/chauffandclim.com\/index.php\/wp-json\/wp\/v2\/pages\/40\/revisions"}],"predecessor-version":[{"id":1973,"href":"https:\/\/chauffandclim.com\/index.php\/wp-json\/wp\/v2\/pages\/40\/revisions\/1973"}],"wp:featuredmedia":[{"embeddable":true,"href":"https:\/\/chauffandclim.com\/index.php\/wp-json\/wp\/v2\/media\/1117"}],"wp:attachment":[{"href":"https:\/\/chauffandclim.com\/index.php\/wp-json\/wp\/v2\/media?parent=40"}],"curies":[{"name":"wp","href":"https:\/\/api.w.org\/{rel}","templated":true}]}}